{"id":3229,"date":"2022-11-21T16:21:56","date_gmt":"2022-11-21T15:21:56","guid":{"rendered":"https:\/\/dev.sperrag.bertastrasse1.ch\/impressum\/"},"modified":"2023-06-28T09:16:08","modified_gmt":"2023-06-28T07:16:08","slug":"mentions-legales","status":"publish","type":"page","link":"https:\/\/dev.sperrag.bertastrasse1.ch\/fr\/mentions-legales\/","title":{"rendered":"Mentions l\u00e9gales"},"content":{"rendered":"\n    \n\n\n\n\n\n\n            <section class=\"page-main-title scrollMagic-block\" data-uid=\"69d0e019d6761\">\n                            <p class=\"subtitle\">Mentions l\u00e9gales<\/p>\n            \n            <h1 class=\"mb_0\">Mentions l\u00e9gales\n<\/h1>\n        <\/section>\n    \n\n\n\n\n\n\n<p><strong>Exploitant du site web<\/strong><br>sperrag ag<br>Im Wannenboden 4<br>CH-4133 Pratteln<br>\u00a0<br><strong>Design &amp; direction g\u00e9n\u00e9rale du projet<br><\/strong>designersfactory AG<br>Mattenstrasse 24<br>CH-4058 Basel<br>www.designersfactory.com<br>\u00a0<br><strong><strong>R\u00e9alisation technique<\/strong><br><\/strong>BERTA Kom\u00admu\u00adnika\u00adtion AG<br>Bertas\u00adtrasse 1<br>CH-8003 Z\u00fcrich<br>www.berta-kommunikation.ch<br>\u00a0<br><strong>Clause de non-responsabilit\u00e9 et informations juridiques<br><\/strong>En tant que service pour les visiteurs, sperrag ag indique sur ses pages des liens vers d&rsquo;autres sites sur Internet. Malgr\u00e9 le plus grand soin apport\u00e9 \u00e0 la s\u00e9lection des liens, sperrag ag se distancie express\u00e9ment de tous les contenus des pages li\u00e9es de tiers et d\u00e9clare express\u00e9ment qu&rsquo;elle n&rsquo;a aucune influence sur la conception ou les contenus des pages li\u00e9es. Aucune responsabilit\u00e9 n&rsquo;est assum\u00e9e pour les dommages r\u00e9sultant de l&rsquo;utilisation ou en rapport avec l&rsquo;utilisation de pages li\u00e9es. Il n&rsquo;existe aucun droit \u00e0 l&rsquo;inclusion et au maintien des liens.<br>\u00a0<br><strong>Garantie de l&rsquo;offre en ligne<br><\/strong>Vous pouvez bien entendu vous fier \u00e0 nos informations. Nous devons n\u00e9anmoins exclure toute responsabilit\u00e9 pour les dommages mat\u00e9riels ou immat\u00e9riels r\u00e9sultant de l&rsquo;utilisation des informations pr\u00e9sent\u00e9es. Un acc\u00e8s ininterrompu aux pages web de sperrag ag ne peut pas \u00eatre garanti ; des parties des pages ainsi que l&rsquo;offre compl\u00e8te peuvent \u00eatre compl\u00e9t\u00e9es, modifi\u00e9es, supprim\u00e9es ou arr\u00eat\u00e9es \u00e0 tout moment sans pr\u00e9avis.<br>\u00a0<br><strong>Droits d&rsquo;auteur et de marque<br><\/strong>Dans toutes ses publications, sperrag ag veille soigneusement \u00e0 ne pas violer les droits d&rsquo;auteur sur les graphiques, les \u00a0photos ou les textes utilis\u00e9s et \u00e0 recourir \u00e0 l&rsquo;utilisation de graphiques, photos ou textes qu&rsquo;elle a elle-m\u00eame cr\u00e9\u00e9s et dont les droits d&rsquo;auteur appartiennent exclusivement \u00e0 sperrag ag. L&rsquo;utilisation de ces graphiques, photos ou textes n&rsquo;est autoris\u00e9e qu&rsquo;avec l&rsquo;accord explicite de sperrag ag. Veuillez nous informer si, malgr\u00e9 toute notre vigilance, vous tombez sur une violation involontaire des droits d&rsquo;auteur. Toutes les marques et marques d\u00e9pos\u00e9es contenues dans les pages web de sperrag ag et \u00e9ventuellement prot\u00e9g\u00e9es par des tiers sont soumises sans restriction aux dispositions des droits d&rsquo;identification et de propri\u00e9t\u00e9 en vigueur des propri\u00e9taires enregistr\u00e9s respectifs. Tous droits r\u00e9serv\u00e9s. La r\u00e9impression et la reproduction, y compris l&rsquo;enregistrement et l&rsquo;utilisation sur des supports de donn\u00e9es optiques et \u00e9lectroniques, ne sont possibles qu&rsquo;avec l&rsquo;accord de sperrag ag.<\/p>\n\n\n\n<p>\u00a9 sperrag ag<br><br>Vous souhaitez de plus amples informations? Nous r\u00e9pondons volontiers \u00e0 vos demandes via <a href=\"mailto:info@sperrag.ch\">info@sperrag.ch<\/a><\/p>\n","protected":false},"excerpt":{"rendered":"<p>Exploitant du site websperrag agIm Wannenboden 4CH-4133 Pratteln\u00a0Design &amp; direction g\u00e9n\u00e9rale du projetdesignersfactory AGMattenstrasse 24CH-4058 Baselwww.designersfactory.com\u00a0R\u00e9alisation techniqueBERTA Kom\u00admu\u00adnika\u00adtion AGBertas\u00adtrasse 1CH-8003 Z\u00fcrichwww.berta-kommunikation.ch\u00a0Clause de non-responsabilit\u00e9 et informations juridiquesEn tant que service pour les visiteurs, sperrag ag indique sur ses pages des liens vers d&rsquo;autres sites sur Internet. Malgr\u00e9 le plus grand soin apport\u00e9 \u00e0 la s\u00e9lection des [&hellip;]<\/p>\n","protected":false},"author":1,"featured_media":0,"parent":0,"menu_order":0,"comment_status":"closed","ping_status":"closed","template":"","meta":{"inline_featured_image":false,"_themeisle_gutenberg_block_has_review":false,"footnotes":""},"acf":[],"yoast_head":"<!-- This site is optimized with the Yoast SEO plugin v21.5 - https:\/\/yoast.com\/wordpress\/plugins\/seo\/ -->\n<title>Mentions l\u00e9gales - sperrag<\/title>\n<meta name=\"description\" content=\"sperrag ag\" \/>\n<meta name=\"robots\" content=\"noindex, follow, max-snippet:-1, max-image-preview:large, max-video-preview:-1\" \/>\n<meta property=\"og:locale\" content=\"fr_FR\" \/>\n<meta property=\"og:type\" content=\"article\" \/>\n<meta property=\"og:title\" content=\"Mentions l\u00e9gales - sperrag\" \/>\n<meta property=\"og:description\" content=\"sperrag ag\" \/>\n<meta property=\"og:url\" content=\"https:\/\/dev.sperrag.bertastrasse1.ch\/fr\/mentions-legales\/\" \/>\n<meta property=\"og:site_name\" content=\"sperrag\" \/>\n<meta property=\"article:modified_time\" content=\"2023-06-28T07:16:08+00:00\" \/>\n<meta name=\"twitter:card\" content=\"summary_large_image\" \/>\n<meta name=\"twitter:label1\" content=\"Est. reading time\" \/>\n\t<meta name=\"twitter:data1\" content=\"3 minutes\" \/>\n<script type=\"application\/ld+json\" class=\"yoast-schema-graph\">{\"@context\":\"https:\/\/schema.org\",\"@graph\":[{\"@type\":\"WebPage\",\"@id\":\"https:\/\/dev.sperrag.bertastrasse1.ch\/fr\/mentions-legales\/\",\"url\":\"https:\/\/dev.sperrag.bertastrasse1.ch\/fr\/mentions-legales\/\",\"name\":\"Mentions l\u00e9gales - sperrag\",\"isPartOf\":{\"@id\":\"https:\/\/dev.sperrag.bertastrasse1.ch\/#website\"},\"datePublished\":\"2022-11-21T15:21:56+00:00\",\"dateModified\":\"2023-06-28T07:16:08+00:00\",\"description\":\"sperrag ag\",\"breadcrumb\":{\"@id\":\"https:\/\/dev.sperrag.bertastrasse1.ch\/fr\/mentions-legales\/#breadcrumb\"},\"inLanguage\":\"fr-FR\",\"potentialAction\":[{\"@type\":\"ReadAction\",\"target\":[\"https:\/\/dev.sperrag.bertastrasse1.ch\/fr\/mentions-legales\/\"]}]},{\"@type\":\"BreadcrumbList\",\"@id\":\"https:\/\/dev.sperrag.bertastrasse1.ch\/fr\/mentions-legales\/#breadcrumb\",\"itemListElement\":[{\"@type\":\"ListItem\",\"position\":1,\"name\":\"Home\",\"item\":\"https:\/\/dev.sperrag.bertastrasse1.ch\/fr\/\"},{\"@type\":\"ListItem\",\"position\":2,\"name\":\"Mentions l\u00e9gales\"}]},{\"@type\":\"WebSite\",\"@id\":\"https:\/\/dev.sperrag.bertastrasse1.ch\/#website\",\"url\":\"https:\/\/dev.sperrag.bertastrasse1.ch\/\",\"name\":\"sperrag\",\"description\":\"\",\"potentialAction\":[{\"@type\":\"SearchAction\",\"target\":{\"@type\":\"EntryPoint\",\"urlTemplate\":\"https:\/\/dev.sperrag.bertastrasse1.ch\/?s={search_term_string}\"},\"query-input\":\"required name=search_term_string\"}],\"inLanguage\":\"fr-FR\"}]}<\/script>\n<!-- \/ Yoast SEO plugin. -->","yoast_head_json":{"title":"Mentions l\u00e9gales - sperrag","description":"sperrag ag","robots":{"index":"noindex","follow":"follow","max-snippet":"max-snippet:-1","max-image-preview":"max-image-preview:large","max-video-preview":"max-video-preview:-1"},"og_locale":"fr_FR","og_type":"article","og_title":"Mentions l\u00e9gales - sperrag","og_description":"sperrag ag","og_url":"https:\/\/dev.sperrag.bertastrasse1.ch\/fr\/mentions-legales\/","og_site_name":"sperrag","article_modified_time":"2023-06-28T07:16:08+00:00","twitter_card":"summary_large_image","twitter_misc":{"Est. reading time":"3 minutes"},"schema":{"@context":"https:\/\/schema.org","@graph":[{"@type":"WebPage","@id":"https:\/\/dev.sperrag.bertastrasse1.ch\/fr\/mentions-legales\/","url":"https:\/\/dev.sperrag.bertastrasse1.ch\/fr\/mentions-legales\/","name":"Mentions l\u00e9gales - sperrag","isPartOf":{"@id":"https:\/\/dev.sperrag.bertastrasse1.ch\/#website"},"datePublished":"2022-11-21T15:21:56+00:00","dateModified":"2023-06-28T07:16:08+00:00","description":"sperrag ag","breadcrumb":{"@id":"https:\/\/dev.sperrag.bertastrasse1.ch\/fr\/mentions-legales\/#breadcrumb"},"inLanguage":"fr-FR","potentialAction":[{"@type":"ReadAction","target":["https:\/\/dev.sperrag.bertastrasse1.ch\/fr\/mentions-legales\/"]}]},{"@type":"BreadcrumbList","@id":"https:\/\/dev.sperrag.bertastrasse1.ch\/fr\/mentions-legales\/#breadcrumb","itemListElement":[{"@type":"ListItem","position":1,"name":"Home","item":"https:\/\/dev.sperrag.bertastrasse1.ch\/fr\/"},{"@type":"ListItem","position":2,"name":"Mentions l\u00e9gales"}]},{"@type":"WebSite","@id":"https:\/\/dev.sperrag.bertastrasse1.ch\/#website","url":"https:\/\/dev.sperrag.bertastrasse1.ch\/","name":"sperrag","description":"","potentialAction":[{"@type":"SearchAction","target":{"@type":"EntryPoint","urlTemplate":"https:\/\/dev.sperrag.bertastrasse1.ch\/?s={search_term_string}"},"query-input":"required name=search_term_string"}],"inLanguage":"fr-FR"}]}},"_links":{"self":[{"href":"https:\/\/dev.sperrag.bertastrasse1.ch\/fr\/wp-json\/wp\/v2\/pages\/3229"}],"collection":[{"href":"https:\/\/dev.sperrag.bertastrasse1.ch\/fr\/wp-json\/wp\/v2\/pages"}],"about":[{"href":"https:\/\/dev.sperrag.bertastrasse1.ch\/fr\/wp-json\/wp\/v2\/types\/page"}],"author":[{"embeddable":true,"href":"https:\/\/dev.sperrag.bertastrasse1.ch\/fr\/wp-json\/wp\/v2\/users\/1"}],"replies":[{"embeddable":true,"href":"https:\/\/dev.sperrag.bertastrasse1.ch\/fr\/wp-json\/wp\/v2\/comments?post=3229"}],"version-history":[{"count":9,"href":"https:\/\/dev.sperrag.bertastrasse1.ch\/fr\/wp-json\/wp\/v2\/pages\/3229\/revisions"}],"predecessor-version":[{"id":5325,"href":"https:\/\/dev.sperrag.bertastrasse1.ch\/fr\/wp-json\/wp\/v2\/pages\/3229\/revisions\/5325"}],"wp:attachment":[{"href":"https:\/\/dev.sperrag.bertastrasse1.ch\/fr\/wp-json\/wp\/v2\/media?parent=3229"}],"curies":[{"name":"wp","href":"https:\/\/api.w.org\/{rel}","templated":true}]}}