{"id":3236,"date":"2022-11-09T12:39:31","date_gmt":"2022-11-09T11:39:31","guid":{"rendered":"https:\/\/dev.sperrag.bertastrasse1.ch\/news\/"},"modified":"2023-06-22T10:33:39","modified_gmt":"2023-06-22T08:33:39","slug":"actuel","status":"publish","type":"page","link":"https:\/\/dev.sperrag.bertastrasse1.ch\/fr\/actuel\/","title":{"rendered":"Actuel"},"content":{"rendered":"\n            <section class=\"header-image-block scrollMagic-block\" data-uid=\"69d0e07e6c7f9\">\n            <div class=\"header-image\" style=\"background-image: url('https:\/\/dev.sperrag.bertastrasse1.ch\/wp-content\/uploads\/sperrag-news-1.jpg')\"><\/div>\n        <\/section>\n    \n\n\n\n\n\n\n            <section class=\"page-main-title scrollMagic-block\" data-uid=\"69d0e07e6cad0\">\n                            <p class=\"subtitle\">Actuel<\/p>\n            \n            <h1 class=\"mb_0\">Nouveaut\u00e9s chez sperrag\n<\/h1>\n        <\/section>\n    \n\n\n\n\n\n\n    \n    <section class=\"news-block desktop white-bg\" id=\"\" data-currentpage=\"1\" data-maxnumpages=\"2\" data-parentid=\"3236\" data-recordscount=\"6\">\n        <div class=\"loading_fade\"><\/div>\n\n        <div class=\"news-cards\">\n            <!--this card is used for inspirations too-->\n<div class=\"news-card scrollMagic-block\" data-uid=\"69d0e07e71fb4-5679-desktop\">\n    <div class=\"news-card-inner-container\">\n        <div class=\"news-text-block\">\n            <h3 class=\"mb_0\">Nouveau en stock: Forexia Atmosph\u00e8re Ip\u00e9<\/h3>\n            <div class=\"mb-line-bigger\"><\/div>\n\n            \n                            <p class=\"mb_0\">L&rsquo;alternative durable au bois tropical \u2013 made in France<\/p>\n                    <\/div>\n\n                <div class=\"news-card-image\" style=\"background-image: url('https:\/\/dev.sperrag.bertastrasse1.ch\/wp-content\/uploads\/forexia-ipe-800x370.jpg')\">\n                    <\/div>\n\n        <div class=\"button-block\">\n            <a href=\"https:\/\/dev.sperrag.bertastrasse1.ch\/fr\/nouveau-en-stock-forexia-atmosphere-ipe\/\" class=\"btn-primary-bg-full-width post-card-btn open-modal\" data-modalpostid=\"5679\" data-parentpageid=\"3236\">\n                <div>\n                    En savoir plus \u2026\n                <\/div>\n            <\/a>\n        <\/div>\n    <\/div>\n<\/div>\n<!--this card is used for inspirations too-->\n<div class=\"news-card scrollMagic-block\" data-uid=\"69d0e07e731b8-3776-desktop\">\n    <div class=\"news-card-inner-container\">\n        <div class=\"news-text-block\">\n            <h3 class=\"mb_0\">Commerce international du bois<\/h3>\n            <div class=\"mb-line-bigger\"><\/div>\n\n            \n                            <p class=\"mb_0\">Un article tr\u00e8s int\u00e9ressant (disponible seulement en allemand) qui prouve une fois de plus ce qui se passe dans le commerce international du bois.<\/p>\n                    <\/div>\n\n                <div class=\"news-card-image\" style=\"background-image: url('https:\/\/dev.sperrag.bertastrasse1.ch\/wp-content\/uploads\/sperrag-news-800x541.jpg')\">\n                    <\/div>\n\n        <div class=\"button-block\">\n            <a href=\"https:\/\/dev.sperrag.bertastrasse1.ch\/fr\/commerce-international\/\" class=\"btn-primary-bg-full-width post-card-btn open-modal\" data-modalpostid=\"3776\" data-parentpageid=\"3236\">\n                <div>\n                    En savoir plus \u2026\n                <\/div>\n            <\/a>\n        <\/div>\n    <\/div>\n<\/div>\n<!--this card is used for inspirations too-->\n<div class=\"news-card scrollMagic-block\" data-uid=\"69d0e07e73bff-3777-desktop\">\n    <div class=\"news-card-inner-container\">\n        <div class=\"news-text-block\">\n            <h3 class=\"mb_0\">Encore plus de protection incendie<\/h3>\n            <div class=\"mb-line-bigger\"><\/div>\n\n            \n                            <p class=\"mb_0\">Depuis fin f\u00e9vrier 2023 cinq panneaux ignifuges suppl\u00e9mentaires sont disponibles de stock \u00e0 Pratteln.<\/p>\n                    <\/div>\n\n                <div class=\"news-card-image\" style=\"background-image: url('https:\/\/dev.sperrag.bertastrasse1.ch\/wp-content\/uploads\/brandschutz-800x533.jpg')\">\n                    <\/div>\n\n        <div class=\"button-block\">\n            <a href=\"https:\/\/dev.sperrag.bertastrasse1.ch\/fr\/brandschutzplatten\/\" class=\"btn-primary-bg-full-width post-card-btn open-modal\" data-modalpostid=\"3777\" data-parentpageid=\"3236\">\n                <div>\n                    En savoir plus \u2026\n                <\/div>\n            <\/a>\n        <\/div>\n    <\/div>\n<\/div>\n<!--this card is used for inspirations too-->\n<div class=\"news-card scrollMagic-block\" data-uid=\"69d0e07e7457a-3778-desktop\">\n    <div class=\"news-card-inner-container\">\n        <div class=\"news-text-block\">\n            <h3 class=\"mb_0\">Certificate PEFC<\/h3>\n            <div class=\"mb-line-bigger\"><\/div>\n\n                            <p class=\"bigger mb_0\"><strong>PEFC Zertifikat<\/strong><\/p>\n            \n                            <p class=\"mb_0\">Depuis le 1er octobre 2022, sperrag est certifi\u00e9e PEFC.<\/p>\n                    <\/div>\n\n                <div class=\"news-card-image\" style=\"background-image: url('https:\/\/dev.sperrag.bertastrasse1.ch\/wp-content\/uploads\/forest-g9f8e4a47b_1920-800x600.jpg')\">\n                    <\/div>\n\n        <div class=\"button-block\">\n            <a href=\"https:\/\/dev.sperrag.bertastrasse1.ch\/fr\/pefc-zertifikat\/\" class=\"btn-primary-bg-full-width post-card-btn open-modal\" data-modalpostid=\"3778\" data-parentpageid=\"3236\">\n                <div>\n                    En savoir plus \u2026\n                <\/div>\n            <\/a>\n        <\/div>\n    <\/div>\n<\/div>\n<!--this card is used for inspirations too-->\n<div class=\"news-card scrollMagic-block\" data-uid=\"69d0e07e74de1-3775-desktop\">\n    <div class=\"news-card-inner-container\">\n        <div class=\"news-text-block\">\n            <h3 class=\"mb_0\">F\u00e9licitations<\/h3>\n            <div class=\"mb-line-bigger\"><\/div>\n\n            \n                            <p class=\"mb_0\">UPM obtient une note record de la part d\u2019EcoVadis gr\u00e2ce \u00e0 un programme de d\u00e9veloppement durable mis \u00e0 jour.<\/p>\n                    <\/div>\n\n                <div class=\"news-card-image\" style=\"background-image: url('https:\/\/dev.sperrag.bertastrasse1.ch\/wp-content\/uploads\/Website_Rekordbewertung.jpeg')\">\n                    <\/div>\n\n        <div class=\"button-block\">\n            <a href=\"https:\/\/dev.sperrag.bertastrasse1.ch\/fr\/felicitations\/\" class=\"btn-primary-bg-full-width post-card-btn open-modal\" data-modalpostid=\"3775\" data-parentpageid=\"3236\">\n                <div>\n                    En savoir plus \u2026\n                <\/div>\n            <\/a>\n        <\/div>\n    <\/div>\n<\/div>\n<!--this card is used for inspirations too-->\n<div class=\"news-card scrollMagic-block\" data-uid=\"69d0e07e75585-3774-desktop\">\n    <div class=\"news-card-inner-container\">\n        <div class=\"news-text-block\">\n            <h3 class=\"mb_0\">Panneaux WISA-Spuce<\/h3>\n            <div class=\"mb-line-bigger\"><\/div>\n\n            \n                            <p class=\"mb_0\">Un pas de plus vers l&rsquo;objectif de durabilit\u00e9 avec WISA-Spruce<\/p>\n                    <\/div>\n\n                <div class=\"news-card-image\" style=\"background-image: url('https:\/\/dev.sperrag.bertastrasse1.ch\/wp-content\/uploads\/news-wisa-800x533.jpg')\">\n                    <\/div>\n\n        <div class=\"button-block\">\n            <a href=\"https:\/\/dev.sperrag.bertastrasse1.ch\/fr\/wisa-spuce-fr\/\" class=\"btn-primary-bg-full-width post-card-btn open-modal\" data-modalpostid=\"3774\" data-parentpageid=\"3236\">\n                <div>\n                    En savoir plus \u2026\n                <\/div>\n            <\/a>\n        <\/div>\n    <\/div>\n<\/div>\n        <\/div>\n\n        <div class=\"pagination_container\">\n                            <div class=\"pagination_block\">\n                    <a href=\"#\" class=\"prev page-numbers disabled\" data-number=\"prev\">\n                <div>\n                    <span class=\"arrow_left\"><i class=\"fa-regular fa-chevron-left\"><\/i><\/span>\n                <\/div>\n            <\/a><div><a href=\"#\" class=\"current page-numbers\" data-number=\"1\">1<\/a><a href=\"#\" class=\"page-numbers\" data-number=\"2\">2<\/a><\/div><a href=\"#\" class=\"next page-numbers\" data-number=\"next\">\n                                <div>\n                                    <span class=\"arrow_right\"><i class=\"fa-regular fa-chevron-right\"><\/i><\/span>\n                                <\/div>\n                            <\/a>                <\/div>\n                    <\/div>\n\n    <\/section>\n\n    <section class=\"news-block mobile white-bg\" id=\"\" data-currentpage=\"1\" data-maxnumpages=\"3\" data-parentid=\"3236\" data-recordscount=\"3\">\n        <div class=\"loading_fade\"><\/div>\n\n        <div class=\"news-cards\">\n            <!--this card is used for inspirations too-->\n<div class=\"news-card scrollMagic-block\" data-uid=\"69d0e07e7673e-5679-mobile\">\n    <div class=\"news-card-inner-container\">\n        <div class=\"news-text-block\">\n            <h3 class=\"mb_0\">Nouveau en stock: Forexia Atmosph\u00e8re Ip\u00e9<\/h3>\n            <div class=\"mb-line-bigger\"><\/div>\n\n            \n                            <p class=\"mb_0\">L&rsquo;alternative durable au bois tropical \u2013 made in France<\/p>\n                    <\/div>\n\n                <div class=\"news-card-image\" style=\"background-image: url('https:\/\/dev.sperrag.bertastrasse1.ch\/wp-content\/uploads\/forexia-ipe-800x370.jpg')\">\n                    <\/div>\n\n        <div class=\"button-block\">\n            <a href=\"https:\/\/dev.sperrag.bertastrasse1.ch\/fr\/nouveau-en-stock-forexia-atmosphere-ipe\/\" class=\"btn-primary-bg-full-width post-card-btn open-modal\" data-modalpostid=\"5679\" data-parentpageid=\"3236\">\n                <div>\n                    En savoir plus \u2026\n                <\/div>\n            <\/a>\n        <\/div>\n    <\/div>\n<\/div>\n<!--this card is used for inspirations too-->\n<div class=\"news-card scrollMagic-block\" data-uid=\"69d0e07e7692b-3776-mobile\">\n    <div class=\"news-card-inner-container\">\n        <div class=\"news-text-block\">\n            <h3 class=\"mb_0\">Commerce international du bois<\/h3>\n            <div class=\"mb-line-bigger\"><\/div>\n\n            \n                            <p class=\"mb_0\">Un article tr\u00e8s int\u00e9ressant (disponible seulement en allemand) qui prouve une fois de plus ce qui se passe dans le commerce international du bois.<\/p>\n                    <\/div>\n\n                <div class=\"news-card-image\" style=\"background-image: url('https:\/\/dev.sperrag.bertastrasse1.ch\/wp-content\/uploads\/sperrag-news-800x541.jpg')\">\n                    <\/div>\n\n        <div class=\"button-block\">\n            <a href=\"https:\/\/dev.sperrag.bertastrasse1.ch\/fr\/commerce-international\/\" class=\"btn-primary-bg-full-width post-card-btn open-modal\" data-modalpostid=\"3776\" data-parentpageid=\"3236\">\n                <div>\n                    En savoir plus \u2026\n                <\/div>\n            <\/a>\n        <\/div>\n    <\/div>\n<\/div>\n<!--this card is used for inspirations too-->\n<div class=\"news-card scrollMagic-block\" data-uid=\"69d0e07e76aee-3777-mobile\">\n    <div class=\"news-card-inner-container\">\n        <div class=\"news-text-block\">\n            <h3 class=\"mb_0\">Encore plus de protection incendie<\/h3>\n            <div class=\"mb-line-bigger\"><\/div>\n\n            \n                            <p class=\"mb_0\">Depuis fin f\u00e9vrier 2023 cinq panneaux ignifuges suppl\u00e9mentaires sont disponibles de stock \u00e0 Pratteln.<\/p>\n                    <\/div>\n\n                <div class=\"news-card-image\" style=\"background-image: url('https:\/\/dev.sperrag.bertastrasse1.ch\/wp-content\/uploads\/brandschutz-800x533.jpg')\">\n                    <\/div>\n\n        <div class=\"button-block\">\n            <a href=\"https:\/\/dev.sperrag.bertastrasse1.ch\/fr\/brandschutzplatten\/\" class=\"btn-primary-bg-full-width post-card-btn open-modal\" data-modalpostid=\"3777\" data-parentpageid=\"3236\">\n                <div>\n                    En savoir plus \u2026\n                <\/div>\n            <\/a>\n        <\/div>\n    <\/div>\n<\/div>\n        <\/div>\n\n        <div class=\"pagination_container\">\n                            <div class=\"pagination_block\">\n                    <a href=\"#\" class=\"prev page-numbers disabled\" data-number=\"prev\">\n                <div>\n                    <span class=\"arrow_left\"><i class=\"fa-regular fa-chevron-left\"><\/i><\/span>\n                <\/div>\n            <\/a><div><a href=\"#\" class=\"current page-numbers\" data-number=\"1\">1<\/a><a href=\"#\" class=\"page-numbers\" data-number=\"2\">2<\/a><a href=\"#\" class=\"page-numbers\" data-number=\"3\">3<\/a><\/div><a href=\"#\" class=\"next page-numbers\" data-number=\"next\">\n                                <div>\n                                    <span class=\"arrow_right\"><i class=\"fa-regular fa-chevron-right\"><\/i><\/span>\n                                <\/div>\n                            <\/a>                <\/div>\n                    <\/div>\n\n    <\/section>\n\n\n\n\n\n\n\n\n\n    <section class=\"divider-block white-bg super-small\"><\/section>\n\n\n\n\n\n\n\n\n    <section class=\"divider-block white-bg super-small\"><\/section>\n\n\n\n\n\n","protected":false},"excerpt":{"rendered":"","protected":false},"author":1,"featured_media":0,"parent":0,"menu_order":0,"comment_status":"closed","ping_status":"closed","template":"","meta":{"inline_featured_image":false,"_themeisle_gutenberg_block_has_review":false,"footnotes":""},"acf":[],"yoast_head":"<!-- This site is optimized with the Yoast SEO plugin v21.5 - https:\/\/yoast.com\/wordpress\/plugins\/seo\/ -->\n<title>Actuel - sperrag<\/title>\n<meta name=\"robots\" content=\"noindex, follow, max-snippet:-1, max-image-preview:large, max-video-preview:-1\" \/>\n<meta property=\"og:locale\" content=\"fr_FR\" \/>\n<meta property=\"og:type\" content=\"article\" \/>\n<meta property=\"og:title\" content=\"Actuel - sperrag\" \/>\n<meta property=\"og:url\" content=\"https:\/\/dev.sperrag.bertastrasse1.ch\/fr\/actuel\/\" \/>\n<meta property=\"og:site_name\" content=\"sperrag\" \/>\n<meta property=\"article:modified_time\" content=\"2023-06-22T08:33:39+00:00\" \/>\n<meta name=\"twitter:card\" content=\"summary_large_image\" \/>\n<script type=\"application\/ld+json\" class=\"yoast-schema-graph\">{\"@context\":\"https:\/\/schema.org\",\"@graph\":[{\"@type\":\"WebPage\",\"@id\":\"https:\/\/dev.sperrag.bertastrasse1.ch\/fr\/actuel\/\",\"url\":\"https:\/\/dev.sperrag.bertastrasse1.ch\/fr\/actuel\/\",\"name\":\"Actuel - sperrag\",\"isPartOf\":{\"@id\":\"https:\/\/dev.sperrag.bertastrasse1.ch\/#website\"},\"datePublished\":\"2022-11-09T11:39:31+00:00\",\"dateModified\":\"2023-06-22T08:33:39+00:00\",\"breadcrumb\":{\"@id\":\"https:\/\/dev.sperrag.bertastrasse1.ch\/fr\/actuel\/#breadcrumb\"},\"inLanguage\":\"fr-FR\",\"potentialAction\":[{\"@type\":\"ReadAction\",\"target\":[\"https:\/\/dev.sperrag.bertastrasse1.ch\/fr\/actuel\/\"]}]},{\"@type\":\"BreadcrumbList\",\"@id\":\"https:\/\/dev.sperrag.bertastrasse1.ch\/fr\/actuel\/#breadcrumb\",\"itemListElement\":[{\"@type\":\"ListItem\",\"position\":1,\"name\":\"Home\",\"item\":\"https:\/\/dev.sperrag.bertastrasse1.ch\/fr\/\"},{\"@type\":\"ListItem\",\"position\":2,\"name\":\"Actuel\"}]},{\"@type\":\"WebSite\",\"@id\":\"https:\/\/dev.sperrag.bertastrasse1.ch\/#website\",\"url\":\"https:\/\/dev.sperrag.bertastrasse1.ch\/\",\"name\":\"sperrag\",\"description\":\"\",\"potentialAction\":[{\"@type\":\"SearchAction\",\"target\":{\"@type\":\"EntryPoint\",\"urlTemplate\":\"https:\/\/dev.sperrag.bertastrasse1.ch\/?s={search_term_string}\"},\"query-input\":\"required name=search_term_string\"}],\"inLanguage\":\"fr-FR\"}]}<\/script>\n<!-- \/ Yoast SEO plugin. -->","yoast_head_json":{"title":"Actuel - sperrag","robots":{"index":"noindex","follow":"follow","max-snippet":"max-snippet:-1","max-image-preview":"max-image-preview:large","max-video-preview":"max-video-preview:-1"},"og_locale":"fr_FR","og_type":"article","og_title":"Actuel - sperrag","og_url":"https:\/\/dev.sperrag.bertastrasse1.ch\/fr\/actuel\/","og_site_name":"sperrag","article_modified_time":"2023-06-22T08:33:39+00:00","twitter_card":"summary_large_image","schema":{"@context":"https:\/\/schema.org","@graph":[{"@type":"WebPage","@id":"https:\/\/dev.sperrag.bertastrasse1.ch\/fr\/actuel\/","url":"https:\/\/dev.sperrag.bertastrasse1.ch\/fr\/actuel\/","name":"Actuel - sperrag","isPartOf":{"@id":"https:\/\/dev.sperrag.bertastrasse1.ch\/#website"},"datePublished":"2022-11-09T11:39:31+00:00","dateModified":"2023-06-22T08:33:39+00:00","breadcrumb":{"@id":"https:\/\/dev.sperrag.bertastrasse1.ch\/fr\/actuel\/#breadcrumb"},"inLanguage":"fr-FR","potentialAction":[{"@type":"ReadAction","target":["https:\/\/dev.sperrag.bertastrasse1.ch\/fr\/actuel\/"]}]},{"@type":"BreadcrumbList","@id":"https:\/\/dev.sperrag.bertastrasse1.ch\/fr\/actuel\/#breadcrumb","itemListElement":[{"@type":"ListItem","position":1,"name":"Home","item":"https:\/\/dev.sperrag.bertastrasse1.ch\/fr\/"},{"@type":"ListItem","position":2,"name":"Actuel"}]},{"@type":"WebSite","@id":"https:\/\/dev.sperrag.bertastrasse1.ch\/#website","url":"https:\/\/dev.sperrag.bertastrasse1.ch\/","name":"sperrag","description":"","potentialAction":[{"@type":"SearchAction","target":{"@type":"EntryPoint","urlTemplate":"https:\/\/dev.sperrag.bertastrasse1.ch\/?s={search_term_string}"},"query-input":"required name=search_term_string"}],"inLanguage":"fr-FR"}]}},"_links":{"self":[{"href":"https:\/\/dev.sperrag.bertastrasse1.ch\/fr\/wp-json\/wp\/v2\/pages\/3236"}],"collection":[{"href":"https:\/\/dev.sperrag.bertastrasse1.ch\/fr\/wp-json\/wp\/v2\/pages"}],"about":[{"href":"https:\/\/dev.sperrag.bertastrasse1.ch\/fr\/wp-json\/wp\/v2\/types\/page"}],"author":[{"embeddable":true,"href":"https:\/\/dev.sperrag.bertastrasse1.ch\/fr\/wp-json\/wp\/v2\/users\/1"}],"replies":[{"embeddable":true,"href":"https:\/\/dev.sperrag.bertastrasse1.ch\/fr\/wp-json\/wp\/v2\/comments?post=3236"}],"version-history":[{"count":5,"href":"https:\/\/dev.sperrag.bertastrasse1.ch\/fr\/wp-json\/wp\/v2\/pages\/3236\/revisions"}],"predecessor-version":[{"id":5194,"href":"https:\/\/dev.sperrag.bertastrasse1.ch\/fr\/wp-json\/wp\/v2\/pages\/3236\/revisions\/5194"}],"wp:attachment":[{"href":"https:\/\/dev.sperrag.bertastrasse1.ch\/fr\/wp-json\/wp\/v2\/media?parent=3236"}],"curies":[{"name":"wp","href":"https:\/\/api.w.org\/{rel}","templated":true}]}}